{"id":101,"date":"2017-08-18T17:01:51","date_gmt":"2017-08-18T15:01:51","guid":{"rendered":"https:\/\/spectaclescollectifornormes.wordpress.com\/?page_id=101"},"modified":"2022-09-20T09:50:09","modified_gmt":"2022-09-20T07:50:09","slug":"contacts","status":"publish","type":"page","link":"https:\/\/collectifornormes.fr\/spectaclescollectifornormes\/contacts\/","title":{"rendered":"Contacts"},"content":{"rendered":"\n<h2>Coordonn\u00e9es :<\/h2>\n\n\n\n<p>Collectif Or NOrmes<br><span style=\"text-decoration: underline;\">Siege Social <\/span>: 23-25 rue du g\u00e9n\u00e9ral Sarrail, 86000 Poitiers<br><span style=\"text-decoration: underline;\">Bureau <\/span>: 43 rue du Lieutenant Colonel Biraud, 86000 Poitiers<br>+33 (0)9 50 93 20 13<\/p>\n\n\n\n<h2>Technique :<\/h2>\n\n\n\n<h4><a href=\"mailto:martin.rossi@collectifornormes.fr\" data-type=\"mailto\" data-id=\"mailto:martin.rossi@collectifornormes.fr\">Technique<\/a><a href=\"mailto:regie@collectifornormes.fr\">@<\/a><\/h4>\n\n\n\n<h2>Communication :<\/h2>\n\n\n\n<h4><a href=\"mailto:communication@collectifornormes.fr\">Communication@<\/a><\/h4>\n\n\n\n<h2>Diffusion :<\/h2>\n\n\n\n<h4><a href=\"mailto:administration@collectifornormes.fr\">Diffusion@<\/a><\/h4>\n\n\n\n<h2>Mediation :<\/h2>\n\n\n\n<h4><a href=\"mailto:mediation@collectifornormes.fr\" data-type=\"mailto\" data-id=\"mailto:mediation@collectifornormes.fr\">Mediation@<\/a><\/h4>\n\n\n\n<p><\/p>\n","protected":false},"excerpt":{"rendered":"<p>Coordonn\u00e9es : Collectif Or NOrmesSiege Social : 23-25 rue du g\u00e9n\u00e9ral Sarrail, 86000 PoitiersBureau : 43 rue du Lieutenant Colonel Biraud, 86000 Poitiers+33 (0)9 50 93 20 13 Technique : Technique@ Communication : Communication@ Diffusion : Diffusion@ Mediation : Mediation@<\/p>\n","protected":false},"author":2,"featured_media":0,"parent":0,"menu_order":0,"comment_status":"closed","ping_status":"closed","template":"fullwidth-page.php","meta":{"spay_email":""},"tags":[],"jetpack_sharing_enabled":false,"jetpack_shortlink":"https:\/\/wp.me\/P9dEJz-1D","jetpack_likes_enabled":true,"_links":{"self":[{"href":"https:\/\/collectifornormes.fr\/spectaclescollectifornormes\/wp-json\/wp\/v2\/pages\/101"}],"collection":[{"href":"https:\/\/collectifornormes.fr\/spectaclescollectifornormes\/wp-json\/wp\/v2\/pages"}],"about":[{"href":"https:\/\/collectifornormes.fr\/spectaclescollectifornormes\/wp-json\/wp\/v2\/types\/page"}],"author":[{"embeddable":true,"href":"https:\/\/collectifornormes.fr\/spectaclescollectifornormes\/wp-json\/wp\/v2\/users\/2"}],"replies":[{"embeddable":true,"href":"https:\/\/collectifornormes.fr\/spectaclescollectifornormes\/wp-json\/wp\/v2\/comments?post=101"}],"version-history":[{"count":16,"href":"https:\/\/collectifornormes.fr\/spectaclescollectifornormes\/wp-json\/wp\/v2\/pages\/101\/revisions"}],"predecessor-version":[{"id":807,"href":"https:\/\/collectifornormes.fr\/spectaclescollectifornormes\/wp-json\/wp\/v2\/pages\/101\/revisions\/807"}],"wp:attachment":[{"href":"https:\/\/collectifornormes.fr\/spectaclescollectifornormes\/wp-json\/wp\/v2\/media?parent=101"}],"wp:term":[{"taxonomy":"post_tag","embeddable":true,"href":"https:\/\/collectifornormes.fr\/spectaclescollectifornormes\/wp-json\/wp\/v2\/tags?post=101"}],"curies":[{"name":"wp","href":"https:\/\/api.w.org\/{rel}","templated":true}]}}