{"id":565,"date":"2020-09-01T11:00:50","date_gmt":"2020-09-01T09:00:50","guid":{"rendered":"http:\/\/collectifornormes.fr\/spectaclescollectifornormes\/?page_id=565"},"modified":"2020-09-11T17:54:56","modified_gmt":"2020-09-11T15:54:56","slug":"shangri-la-en-rv","status":"publish","type":"page","link":"https:\/\/collectifornormes.fr\/spectaclescollectifornormes\/shangri-la-en-rv\/","title":{"rendered":"SHANGRI-LA en RV"},"content":{"rendered":"\n<p class=\"has-text-align-center\">L\u2019immersion dans l\u2019univers de Shangri-La se poursuit apr\u00e8s le <a rel=\"noreferrer noopener\" href=\"http:\/\/collectifornormes.fr\/spectaclescollectifornormes\/shangri-la-le-bd-concert-immersif\/\" data-type=\"URL\" data-id=\"http:\/\/collectifornormes.fr\/spectaclescollectifornormes\/shangri-la-le-bd-concert-immersif\/\" target=\"_blank\">concert<\/a> gr\u00e2ce \u00e0 une <strong>exp\u00e9rience narrative en r\u00e9alit\u00e9 virtuelle <\/strong>in\u00e9dite sous la forme d\u2019un <strong>motion comics <\/strong>(bande dessin\u00e9e num\u00e9rique). Immerg\u00e9 au c\u0153ur d\u2019une plan\u00e8te aride, le spectateur d\u00e9couvre la suite de l\u2019aventure de notre h\u00e9ros principal : Scott.<\/p>\n\n\n\n<div class=\"wp-block-image\"><figure class=\"aligncenter size-large\"><img data-attachment-id=\"588\" data-permalink=\"https:\/\/collectifornormes.fr\/spectaclescollectifornormes\/shangri-la-en-rv\/capture-decran-2020-09-01-a-11-53-11-1\/\" data-orig-file=\"https:\/\/i0.wp.com\/collectifornormes.fr\/spectaclescollectifornormes\/wp-content\/uploads\/2020\/09\/Capture-de\u0301cran-2020-09-01-a\u0300-11.53.11-1.png?fit=2596%2C854&amp;ssl=1\" data-orig-size=\"2596,854\" data-comments-opened=\"1\" data-image-meta=\"{&quot;aperture&quot;:&quot;0&quot;,&quot;credit&quot;:&quot;&quot;,&quot;camera&quot;:&quot;&quot;,&quot;caption&quot;:&quot;&quot;,&quot;created_timestamp&quot;:&quot;0&quot;,&quot;copyright&quot;:&quot;&quot;,&quot;focal_length&quot;:&quot;0&quot;,&quot;iso&quot;:&quot;0&quot;,&quot;shutter_speed&quot;:&quot;0&quot;,&quot;title&quot;:&quot;&quot;,&quot;orientation&quot;:&quot;0&quot;}\" data-image-title=\"Capture-de\u0301cran-2020-09-01-a\u0300-11.53.11-1\" data-image-description=\"\" data-medium-file=\"https:\/\/i0.wp.com\/collectifornormes.fr\/spectaclescollectifornormes\/wp-content\/uploads\/2020\/09\/Capture-de\u0301cran-2020-09-01-a\u0300-11.53.11-1.png?fit=300%2C99&amp;ssl=1\" data-large-file=\"https:\/\/i0.wp.com\/collectifornormes.fr\/spectaclescollectifornormes\/wp-content\/uploads\/2020\/09\/Capture-de\u0301cran-2020-09-01-a\u0300-11.53.11-1.png?fit=764%2C251&amp;ssl=1\" decoding=\"async\" loading=\"lazy\" width=\"764\" height=\"251\" src=\"https:\/\/i0.wp.com\/collectifornormes.fr\/spectaclescollectifornormes\/wp-content\/uploads\/2020\/09\/Capture-de\u0301cran-2020-09-01-a\u0300-11.53.11-1-1024x337.png?resize=764%2C251\" alt=\"\" class=\"wp-image-588\" srcset=\"https:\/\/i0.wp.com\/collectifornormes.fr\/spectaclescollectifornormes\/wp-content\/uploads\/2020\/09\/Capture-de\u0301cran-2020-09-01-a\u0300-11.53.11-1.png?resize=1024%2C337&amp;ssl=1 1024w, https:\/\/i0.wp.com\/collectifornormes.fr\/spectaclescollectifornormes\/wp-content\/uploads\/2020\/09\/Capture-de\u0301cran-2020-09-01-a\u0300-11.53.11-1.png?resize=300%2C99&amp;ssl=1 300w, https:\/\/i0.wp.com\/collectifornormes.fr\/spectaclescollectifornormes\/wp-content\/uploads\/2020\/09\/Capture-de\u0301cran-2020-09-01-a\u0300-11.53.11-1.png?resize=768%2C253&amp;ssl=1 768w, https:\/\/i0.wp.com\/collectifornormes.fr\/spectaclescollectifornormes\/wp-content\/uploads\/2020\/09\/Capture-de\u0301cran-2020-09-01-a\u0300-11.53.11-1.png?resize=1536%2C505&amp;ssl=1 1536w, https:\/\/i0.wp.com\/collectifornormes.fr\/spectaclescollectifornormes\/wp-content\/uploads\/2020\/09\/Capture-de\u0301cran-2020-09-01-a\u0300-11.53.11-1.png?resize=2048%2C674&amp;ssl=1 2048w, https:\/\/i0.wp.com\/collectifornormes.fr\/spectaclescollectifornormes\/wp-content\/uploads\/2020\/09\/Capture-de\u0301cran-2020-09-01-a\u0300-11.53.11-1.png?w=2292&amp;ssl=1 2292w\" sizes=\"(max-width: 764px) 100vw, 764px\" data-recalc-dims=\"1\" \/><\/figure><\/div>\n\n\n\n<p class=\"has-text-align-center\">Il incarne le point de vue de Scott et acc\u00e8de au d\u00e9nouement de l\u2019histoire cyclique de notre humanit\u00e9 : vie-mort-vie.<\/p>\n\n\n\n<p class=\"has-text-align-center\">De la m\u00eame mani\u00e8re que pour le <a href=\"http:\/\/collectifornormes.fr\/spectaclescollectifornormes\/shangri-la-le-bd-concert-immersif\/\" data-type=\"URL\" data-id=\"http:\/\/collectifornormes.fr\/spectaclescollectifornormes\/shangri-la-le-bd-concert-immersif\/\" target=\"_blank\" rel=\"noreferrer noopener\">concert<\/a>, les vignettes et les bulles seront anim\u00e9es et mises en musique avec des titres in\u00e9dits (diff\u00e9rents du <a href=\"http:\/\/collectifornormes.fr\/spectaclescollectifornormes\/shangri-la-le-bd-concert-immersif\/\" data-type=\"URL\" data-id=\"http:\/\/collectifornormes.fr\/spectaclescollectifornormes\/shangri-la-le-bd-concert-immersif\/\" target=\"_blank\" rel=\"noreferrer noopener\">concert<\/a>) enregistr\u00e9s pour l\u2019occasion en <strong>son binaural <\/strong>(son spatialis\u00e9) pour immerg\u00e9 le spectateur.<\/p>\n\n\n\n<p class=\"has-text-align-center\">Il s\u2019agit l\u00e0 de vivre une <strong>vision plus contemplative et po\u00e9tique <\/strong>en adoptant un point de vue interne.<\/p>\n\n\n\n<p class=\"has-text-align-center\">Cette proposition sera accessible de chez soi individuellement via les stores en ligne d\u00e9di\u00e9s, ou \u00e0 consulter sur place dans les th\u00e9\u00e2tres ou les m\u00e9diath\u00e8ques offrant un acc\u00e8s \u00e0 leur public par des casques de r\u00e9alit\u00e9 virtuelle mis \u00e0 disposition pour l\u2019occasion.<\/p>\n\n\n\n<div class=\"wp-block-image\"><figure class=\"aligncenter size-large\"><img data-attachment-id=\"589\" data-permalink=\"https:\/\/collectifornormes.fr\/spectaclescollectifornormes\/shangri-la-en-rv\/capture-decran-2020-09-01-a-11-57-59\/\" data-orig-file=\"https:\/\/i0.wp.com\/collectifornormes.fr\/spectaclescollectifornormes\/wp-content\/uploads\/2020\/09\/Capture-de\u0301cran-2020-09-01-a\u0300-11.57.59.png?fit=2522%2C1390&amp;ssl=1\" data-orig-size=\"2522,1390\" data-comments-opened=\"1\" data-image-meta=\"{&quot;aperture&quot;:&quot;0&quot;,&quot;credit&quot;:&quot;&quot;,&quot;camera&quot;:&quot;&quot;,&quot;caption&quot;:&quot;&quot;,&quot;created_timestamp&quot;:&quot;0&quot;,&quot;copyright&quot;:&quot;&quot;,&quot;focal_length&quot;:&quot;0&quot;,&quot;iso&quot;:&quot;0&quot;,&quot;shutter_speed&quot;:&quot;0&quot;,&quot;title&quot;:&quot;&quot;,&quot;orientation&quot;:&quot;0&quot;}\" data-image-title=\"Capture-de\u0301cran-2020-09-01-a\u0300-11.57.59\" data-image-description=\"\" data-medium-file=\"https:\/\/i0.wp.com\/collectifornormes.fr\/spectaclescollectifornormes\/wp-content\/uploads\/2020\/09\/Capture-de\u0301cran-2020-09-01-a\u0300-11.57.59.png?fit=300%2C165&amp;ssl=1\" data-large-file=\"https:\/\/i0.wp.com\/collectifornormes.fr\/spectaclescollectifornormes\/wp-content\/uploads\/2020\/09\/Capture-de\u0301cran-2020-09-01-a\u0300-11.57.59.png?fit=764%2C421&amp;ssl=1\" decoding=\"async\" loading=\"lazy\" width=\"764\" height=\"421\" src=\"https:\/\/i2.wp.com\/collectifornormes.fr\/spectaclescollectifornormes\/wp-content\/uploads\/2020\/09\/Capture-de\u0301cran-2020-09-01-a\u0300-11.57.59-1024x564.png?resize=764%2C421\" alt=\"\" class=\"wp-image-589\" srcset=\"https:\/\/i0.wp.com\/collectifornormes.fr\/spectaclescollectifornormes\/wp-content\/uploads\/2020\/09\/Capture-de\u0301cran-2020-09-01-a\u0300-11.57.59.png?resize=1024%2C564&amp;ssl=1 1024w, https:\/\/i0.wp.com\/collectifornormes.fr\/spectaclescollectifornormes\/wp-content\/uploads\/2020\/09\/Capture-de\u0301cran-2020-09-01-a\u0300-11.57.59.png?resize=300%2C165&amp;ssl=1 300w, https:\/\/i0.wp.com\/collectifornormes.fr\/spectaclescollectifornormes\/wp-content\/uploads\/2020\/09\/Capture-de\u0301cran-2020-09-01-a\u0300-11.57.59.png?resize=768%2C423&amp;ssl=1 768w, https:\/\/i0.wp.com\/collectifornormes.fr\/spectaclescollectifornormes\/wp-content\/uploads\/2020\/09\/Capture-de\u0301cran-2020-09-01-a\u0300-11.57.59.png?resize=1536%2C847&amp;ssl=1 1536w, https:\/\/i0.wp.com\/collectifornormes.fr\/spectaclescollectifornormes\/wp-content\/uploads\/2020\/09\/Capture-de\u0301cran-2020-09-01-a\u0300-11.57.59.png?resize=2048%2C1129&amp;ssl=1 2048w, https:\/\/i0.wp.com\/collectifornormes.fr\/spectaclescollectifornormes\/wp-content\/uploads\/2020\/09\/Capture-de\u0301cran-2020-09-01-a\u0300-11.57.59.png?w=2292&amp;ssl=1 2292w\" sizes=\"(max-width: 764px) 100vw, 764px\" data-recalc-dims=\"1\" \/><\/figure><\/div>\n\n\n\n<p class=\"has-text-align-center\"><span style=\"text-decoration: underline;\">Equipe :<\/span><br>Christelle Derr\u00e9 : Sc\u00e9nariste et co-\u00e9criture storyboard<br>Gyomh : Co-\u00e9criture storyboard<br>Vincent Girault : Compositeur<br>UMANIMATION : Animations RV<\/p>\n\n\n\n<p><\/p>\n","protected":false},"excerpt":{"rendered":"<p>L\u2019immersion dans l\u2019univers de Shangri-La se poursuit apr\u00e8s le concert gr\u00e2ce \u00e0 une exp\u00e9rience narrative en r\u00e9alit\u00e9 virtuelle in\u00e9dite sous la forme d\u2019un motion comics (bande dessin\u00e9e num\u00e9rique). Immerg\u00e9 au c\u0153ur d\u2019une plan\u00e8te aride, le spectateur d\u00e9couvre la suite de l\u2019aventure de notre h\u00e9ros principal : Scott. Il incarne le point de vue de Scott [&hellip;]<\/p>\n","protected":false},"author":1,"featured_media":551,"parent":0,"menu_order":0,"comment_status":"closed","ping_status":"closed","template":"","meta":{"spay_email":""},"tags":[],"jetpack_sharing_enabled":true,"jetpack_shortlink":"https:\/\/wp.me\/P9dEJz-97","jetpack_likes_enabled":true,"_links":{"self":[{"href":"https:\/\/collectifornormes.fr\/spectaclescollectifornormes\/wp-json\/wp\/v2\/pages\/565"}],"collection":[{"href":"https:\/\/collectifornormes.fr\/spectaclescollectifornormes\/wp-json\/wp\/v2\/pages"}],"about":[{"href":"https:\/\/collectifornormes.fr\/spectaclescollectifornormes\/wp-json\/wp\/v2\/types\/page"}],"author":[{"embeddable":true,"href":"https:\/\/collectifornormes.fr\/spectaclescollectifornormes\/wp-json\/wp\/v2\/users\/1"}],"replies":[{"embeddable":true,"href":"https:\/\/collectifornormes.fr\/spectaclescollectifornormes\/wp-json\/wp\/v2\/comments?post=565"}],"version-history":[{"count":6,"href":"https:\/\/collectifornormes.fr\/spectaclescollectifornormes\/wp-json\/wp\/v2\/pages\/565\/revisions"}],"predecessor-version":[{"id":746,"href":"https:\/\/collectifornormes.fr\/spectaclescollectifornormes\/wp-json\/wp\/v2\/pages\/565\/revisions\/746"}],"wp:featuredmedia":[{"embeddable":true,"href":"https:\/\/collectifornormes.fr\/spectaclescollectifornormes\/wp-json\/wp\/v2\/media\/551"}],"wp:attachment":[{"href":"https:\/\/collectifornormes.fr\/spectaclescollectifornormes\/wp-json\/wp\/v2\/media?parent=565"}],"wp:term":[{"taxonomy":"post_tag","embeddable":true,"href":"https:\/\/collectifornormes.fr\/spectaclescollectifornormes\/wp-json\/wp\/v2\/tags?post=565"}],"curies":[{"name":"wp","href":"https:\/\/api.w.org\/{rel}","templated":true}]}}