{"id":655,"date":"2020-09-02T16:04:04","date_gmt":"2020-09-02T14:04:04","guid":{"rendered":"http:\/\/collectifornormes.fr\/spectaclescollectifornormes\/?page_id=655"},"modified":"2020-09-11T11:02:41","modified_gmt":"2020-09-11T09:02:41","slug":"l-i-l-i-diabolique-disparition","status":"publish","type":"page","link":"https:\/\/collectifornormes.fr\/spectaclescollectifornormes\/l-i-l-i-diabolique-disparition\/","title":{"rendered":"L.I.L.I., Diabolique disparition"},"content":{"rendered":"\n<div data-carousel-extra='{\"blog_id\":1,\"permalink\":\"https:\\\/\\\/collectifornormes.fr\\\/spectaclescollectifornormes\\\/l-i-l-i-diabolique-disparition\\\/\"}' class=\"is-layout-flex wp-block-buttons aligncenter\">\n<div data-carousel-extra='{\"blog_id\":1,\"permalink\":\"https:\\\/\\\/collectifornormes.fr\\\/spectaclescollectifornormes\\\/l-i-l-i-diabolique-disparition\\\/\"}' class=\"wp-block-button is-style-outline\"><a class=\"wp-block-button__link\" href=\"https:\/\/collectifornormes.fr\/spectaclescollectifornormes\/actualite\/\" target=\"_blank\" rel=\"noreferrer noopener\">Retrouvez les dates ici<\/a><\/div>\n<\/div>\n\n\n\n<figure class=\"wp-block-image\"><img decoding=\"async\" src=\"https:\/\/i0.wp.com\/collectifornormes.fr\/technologiecollectifornormes\/wp-content\/uploads\/2017\/09\/IMG_3593-e1568638616504-1024x693.jpg?resize=764%2C517\" alt=\"\" class=\"wp-image-10\" data-recalc-dims=\"1\"\/><\/figure>\n\n\n\n<h3 class=\"has-text-align-center\">Installez-vous dans notre baignoire et d\u00e9couvrez l&rsquo;histoire de <br>\u00ab\u00a0Fred\u00a0\u00bb, \u00ab\u00a0Laura\u00a0\u00bb et \u00ab\u00a0Marion\u00a0\u00bb. <\/h3>\n\n\n\n<h3 class=\"has-text-align-center\">Un triangle amoureux \u00e0 l&rsquo;avenir funeste&#8230; <\/h3>\n\n\n\n<figure class=\"is-layout-flex wp-block-gallery-2 wp-block-gallery columns-1 is-cropped\"><ul data-carousel-extra='{\"blog_id\":1,\"permalink\":\"https:\\\/\\\/collectifornormes.fr\\\/spectaclescollectifornormes\\\/l-i-l-i-diabolique-disparition\\\/\"}' class=\"blocks-gallery-grid\"><li class=\"blocks-gallery-item\"><figure><img decoding=\"async\" src=\"https:\/\/i0.wp.com\/collectifornormes.fr\/technologiecollectifornormes\/wp-content\/uploads\/2019\/09\/b79600d1-e959-4a4e-aa7d-8230c2fe156a-1-1024x576.png?resize=764%2C430\" alt=\"\" data-id=\"1087\" data-link=\"http:\/\/collectifornormes.fr\/technologiecollectifornormes\/?attachment_id=1087\" class=\"wp-image-1087\" data-recalc-dims=\"1\"\/><\/figure><\/li><\/ul><\/figure>\n\n\n\n<h3 class=\"has-text-align-center\">Un polar \u00e0 d\u00e9couvrir en r\u00e9alit\u00e9 virtuelle, un drame psychologique \u00e0 vivre de l&rsquo;int\u00e9rieur.<\/h3>\n\n\n\n<blockquote class=\"wp-block-quote is-style-medium\"><p>Le bouton Start \u00e0 peine lanc\u00e9, l&rsquo;aventure commence. Avec des mots \u00e9crits et lus, des photos, des graphismes qui d\u00e9filent. En haut, en bas, partout. Impossible de se d\u00e9tacher de l&rsquo;action. <br>Vous \u00eates compl\u00e8tement acteurs de <em>La reconstitution d&rsquo;une diabolique disparition.<\/em>..<br>&#8230;Pour l&rsquo;avoir test\u00e9, il faut l&rsquo;avouer, la lecture s&rsquo;av\u00e8re vraiment immersive, le retour \u00e0 la r\u00e9alit\u00e9 comme une d\u00e9licate remont\u00e9e \u00e0 la surface. <br><em>\u00ab Votre corps devient partie prenante de la lecture. Cette nouvelle \u00e9criture ouvre la porte de la cr\u00e9ation \u00bb<\/em>, s&rsquo;enthousiasme Christelle, le regard r\u00e9joui. Tandis que vos yeux ont eux du mal \u00e0 s&rsquo;\u00e9carquiller. <br><\/p><cite>Presse : Jean-Michel Laurent pour la Nouvelle R\u00e9publique<\/cite><\/blockquote>\n\n\n\n<p>Contact : <a href=\"mailto:martin.rossi@collectifornormes.fr\">martin.rossi@collectifornormes.fr<\/a><\/p>\n","protected":false},"excerpt":{"rendered":"<p>Installez-vous dans notre baignoire et d\u00e9couvrez l&rsquo;histoire de \u00ab\u00a0Fred\u00a0\u00bb, \u00ab\u00a0Laura\u00a0\u00bb et \u00ab\u00a0Marion\u00a0\u00bb. Un triangle amoureux \u00e0 l&rsquo;avenir funeste&#8230; Un polar \u00e0 d\u00e9couvrir en r\u00e9alit\u00e9 virtuelle, un drame psychologique \u00e0 vivre de l&rsquo;int\u00e9rieur. Le bouton Start \u00e0 peine lanc\u00e9, l&rsquo;aventure commence. Avec des mots \u00e9crits et lus, des photos, des graphismes qui d\u00e9filent. En haut, en [&hellip;]<\/p>\n","protected":false},"author":3,"featured_media":0,"parent":0,"menu_order":0,"comment_status":"closed","ping_status":"closed","template":"","meta":{"spay_email":""},"tags":[],"jetpack_sharing_enabled":true,"jetpack_shortlink":"https:\/\/wp.me\/P9dEJz-az","jetpack_likes_enabled":true,"_links":{"self":[{"href":"https:\/\/collectifornormes.fr\/spectaclescollectifornormes\/wp-json\/wp\/v2\/pages\/655"}],"collection":[{"href":"https:\/\/collectifornormes.fr\/spectaclescollectifornormes\/wp-json\/wp\/v2\/pages"}],"about":[{"href":"https:\/\/collectifornormes.fr\/spectaclescollectifornormes\/wp-json\/wp\/v2\/types\/page"}],"author":[{"embeddable":true,"href":"https:\/\/collectifornormes.fr\/spectaclescollectifornormes\/wp-json\/wp\/v2\/users\/3"}],"replies":[{"embeddable":true,"href":"https:\/\/collectifornormes.fr\/spectaclescollectifornormes\/wp-json\/wp\/v2\/comments?post=655"}],"version-history":[{"count":2,"href":"https:\/\/collectifornormes.fr\/spectaclescollectifornormes\/wp-json\/wp\/v2\/pages\/655\/revisions"}],"predecessor-version":[{"id":760,"href":"https:\/\/collectifornormes.fr\/spectaclescollectifornormes\/wp-json\/wp\/v2\/pages\/655\/revisions\/760"}],"wp:attachment":[{"href":"https:\/\/collectifornormes.fr\/spectaclescollectifornormes\/wp-json\/wp\/v2\/media?parent=655"}],"wp:term":[{"taxonomy":"post_tag","embeddable":true,"href":"https:\/\/collectifornormes.fr\/spectaclescollectifornormes\/wp-json\/wp\/v2\/tags?post=655"}],"curies":[{"name":"wp","href":"https:\/\/api.w.org\/{rel}","templated":true}]}}