{"id":661,"date":"2020-09-02T16:09:26","date_gmt":"2020-09-02T14:09:26","guid":{"rendered":"http:\/\/collectifornormes.fr\/spectaclescollectifornormes\/?page_id=661"},"modified":"2023-01-30T11:18:57","modified_gmt":"2023-01-30T10:18:57","slug":"l-i-l-i-alix-wonderlands","status":"publish","type":"page","link":"https:\/\/collectifornormes.fr\/spectaclescollectifornormes\/l-i-l-i-alix-wonderlands\/","title":{"rendered":"L.I.L.I., Alix Wonderlands"},"content":{"rendered":"\n<div class=\"is-content-justification-center is-layout-flex wp-container-1 wp-block-buttons\">\n<div class=\"wp-block-button is-style-outline\"><a class=\"wp-block-button__link wp-element-button\" href=\"https:\/\/collectifornormes.fr\/spectaclescollectifornormes\/actualite\/\" target=\"_blank\" rel=\"noreferrer noopener\">Retrouvez les dates ici<\/a><\/div>\n<\/div>\n\n\n\n<div style=\"height:48px\" aria-hidden=\"true\" class=\"wp-block-spacer\"><\/div>\n\n\n\n<hr class=\"wp-block-separator has-alpha-channel-opacity\"\/>\n\n\n\n<p class=\"has-text-align-center\">En devenant \u00ab\u00a0Alix\u00a0\u00bb chutez dans votre inconscient. Accueilli.e par deux \u00e9tranges personnages venus d&rsquo;un avenir proche, prenez place \u00e0 la table du th\u00e9 des fous. Manipulez les mots avant qu&rsquo;ils ne vous manipulent dans une qu\u00eate de sens immersive.<\/p>\n\n\n\n<hr class=\"wp-block-separator has-alpha-channel-opacity\"\/>\n\n\n<div class=\"wp-block-image\">\n<figure class=\"aligncenter\"><img decoding=\"async\" src=\"https:\/\/i0.wp.com\/collectifornormes.fr\/technologiecollectifornormes\/wp-content\/uploads\/2020\/07\/Visuel-A3_Light-01.jpeg?fit=1024%2C725\" alt=\"\" class=\"wp-image-1166\"\/><\/figure><\/div>\n\n\n<div style=\"height:50px\" aria-hidden=\"true\" class=\"wp-block-spacer\"><\/div>\n\n\n<div class=\"wp-block-image\">\n<figure class=\"aligncenter size-large\"><img data-attachment-id=\"887\" data-permalink=\"https:\/\/collectifornormes.fr\/spectaclescollectifornormes\/l-i-l-i-alix-wonderlands\/capture-decran-2023-01-16-a-14-58-43-min\/\" data-orig-file=\"https:\/\/i2.wp.com\/collectifornormes.fr\/spectaclescollectifornormes\/wp-content\/uploads\/2023\/01\/Capture-decran-2023-01-16-a-14.58.43-min.png?fit=2766%2C584&amp;ssl=1\" data-orig-size=\"2766,584\" data-comments-opened=\"1\" data-image-meta=\"{&quot;aperture&quot;:&quot;0&quot;,&quot;credit&quot;:&quot;&quot;,&quot;camera&quot;:&quot;&quot;,&quot;caption&quot;:&quot;&quot;,&quot;created_timestamp&quot;:&quot;0&quot;,&quot;copyright&quot;:&quot;&quot;,&quot;focal_length&quot;:&quot;0&quot;,&quot;iso&quot;:&quot;0&quot;,&quot;shutter_speed&quot;:&quot;0&quot;,&quot;title&quot;:&quot;&quot;,&quot;orientation&quot;:&quot;0&quot;}\" data-image-title=\"Capture-decran-2023-01-16-a-14.58.43-min\" data-image-description=\"\" data-medium-file=\"https:\/\/i2.wp.com\/collectifornormes.fr\/spectaclescollectifornormes\/wp-content\/uploads\/2023\/01\/Capture-decran-2023-01-16-a-14.58.43-min.png?fit=300%2C63&amp;ssl=1\" data-large-file=\"https:\/\/i2.wp.com\/collectifornormes.fr\/spectaclescollectifornormes\/wp-content\/uploads\/2023\/01\/Capture-decran-2023-01-16-a-14.58.43-min.png?fit=764%2C161&amp;ssl=1\" decoding=\"async\" loading=\"lazy\" width=\"764\" height=\"161\" src=\"https:\/\/i2.wp.com\/collectifornormes.fr\/spectaclescollectifornormes\/wp-content\/uploads\/2023\/01\/Capture-decran-2023-01-16-a-14.58.43-min.png?resize=764%2C161&#038;ssl=1\" alt=\"\" class=\"wp-image-887\" srcset=\"https:\/\/i2.wp.com\/collectifornormes.fr\/spectaclescollectifornormes\/wp-content\/uploads\/2023\/01\/Capture-decran-2023-01-16-a-14.58.43-min.png?resize=1024%2C216&amp;ssl=1 1024w, https:\/\/i2.wp.com\/collectifornormes.fr\/spectaclescollectifornormes\/wp-content\/uploads\/2023\/01\/Capture-decran-2023-01-16-a-14.58.43-min.png?resize=300%2C63&amp;ssl=1 300w, https:\/\/i2.wp.com\/collectifornormes.fr\/spectaclescollectifornormes\/wp-content\/uploads\/2023\/01\/Capture-decran-2023-01-16-a-14.58.43-min.png?resize=768%2C162&amp;ssl=1 768w, https:\/\/i2.wp.com\/collectifornormes.fr\/spectaclescollectifornormes\/wp-content\/uploads\/2023\/01\/Capture-decran-2023-01-16-a-14.58.43-min.png?resize=1536%2C324&amp;ssl=1 1536w, https:\/\/i2.wp.com\/collectifornormes.fr\/spectaclescollectifornormes\/wp-content\/uploads\/2023\/01\/Capture-decran-2023-01-16-a-14.58.43-min.png?resize=2048%2C432&amp;ssl=1 2048w, https:\/\/i2.wp.com\/collectifornormes.fr\/spectaclescollectifornormes\/wp-content\/uploads\/2023\/01\/Capture-decran-2023-01-16-a-14.58.43-min.png?w=2292&amp;ssl=1 2292w\" sizes=\"(max-width: 764px) 100vw, 764px\" data-recalc-dims=\"1\" \/><\/figure><\/div>\n\n<div class=\"wp-block-image\">\n<figure class=\"aligncenter size-large\"><img data-attachment-id=\"888\" data-permalink=\"https:\/\/collectifornormes.fr\/spectaclescollectifornormes\/l-i-l-i-alix-wonderlands\/capture-decran-2023-01-16-a-15-05-01-min\/\" data-orig-file=\"https:\/\/i0.wp.com\/collectifornormes.fr\/spectaclescollectifornormes\/wp-content\/uploads\/2023\/01\/Capture-decran-2023-01-16-a-15.05.01-min.png?fit=2804%2C766&amp;ssl=1\" data-orig-size=\"2804,766\" data-comments-opened=\"1\" data-image-meta=\"{&quot;aperture&quot;:&quot;0&quot;,&quot;credit&quot;:&quot;&quot;,&quot;camera&quot;:&quot;&quot;,&quot;caption&quot;:&quot;&quot;,&quot;created_timestamp&quot;:&quot;0&quot;,&quot;copyright&quot;:&quot;&quot;,&quot;focal_length&quot;:&quot;0&quot;,&quot;iso&quot;:&quot;0&quot;,&quot;shutter_speed&quot;:&quot;0&quot;,&quot;title&quot;:&quot;&quot;,&quot;orientation&quot;:&quot;0&quot;}\" data-image-title=\"Capture-decran-2023-01-16-a-15.05.01-min\" data-image-description=\"\" data-medium-file=\"https:\/\/i0.wp.com\/collectifornormes.fr\/spectaclescollectifornormes\/wp-content\/uploads\/2023\/01\/Capture-decran-2023-01-16-a-15.05.01-min.png?fit=300%2C82&amp;ssl=1\" data-large-file=\"https:\/\/i0.wp.com\/collectifornormes.fr\/spectaclescollectifornormes\/wp-content\/uploads\/2023\/01\/Capture-decran-2023-01-16-a-15.05.01-min.png?fit=764%2C209&amp;ssl=1\" decoding=\"async\" loading=\"lazy\" width=\"764\" height=\"209\" src=\"https:\/\/i0.wp.com\/collectifornormes.fr\/spectaclescollectifornormes\/wp-content\/uploads\/2023\/01\/Capture-decran-2023-01-16-a-15.05.01-min.png?resize=764%2C209&#038;ssl=1\" alt=\"\" class=\"wp-image-888\" srcset=\"https:\/\/i0.wp.com\/collectifornormes.fr\/spectaclescollectifornormes\/wp-content\/uploads\/2023\/01\/Capture-decran-2023-01-16-a-15.05.01-min.png?resize=1024%2C280&amp;ssl=1 1024w, https:\/\/i0.wp.com\/collectifornormes.fr\/spectaclescollectifornormes\/wp-content\/uploads\/2023\/01\/Capture-decran-2023-01-16-a-15.05.01-min.png?resize=300%2C82&amp;ssl=1 300w, https:\/\/i0.wp.com\/collectifornormes.fr\/spectaclescollectifornormes\/wp-content\/uploads\/2023\/01\/Capture-decran-2023-01-16-a-15.05.01-min.png?resize=768%2C210&amp;ssl=1 768w, https:\/\/i0.wp.com\/collectifornormes.fr\/spectaclescollectifornormes\/wp-content\/uploads\/2023\/01\/Capture-decran-2023-01-16-a-15.05.01-min.png?resize=1536%2C420&amp;ssl=1 1536w, https:\/\/i0.wp.com\/collectifornormes.fr\/spectaclescollectifornormes\/wp-content\/uploads\/2023\/01\/Capture-decran-2023-01-16-a-15.05.01-min.png?resize=2048%2C559&amp;ssl=1 2048w, https:\/\/i0.wp.com\/collectifornormes.fr\/spectaclescollectifornormes\/wp-content\/uploads\/2023\/01\/Capture-decran-2023-01-16-a-15.05.01-min.png?w=2292&amp;ssl=1 2292w\" sizes=\"(max-width: 764px) 100vw, 764px\" data-recalc-dims=\"1\" \/><\/figure><\/div>\n\n\n<div style=\"height:50px\" aria-hidden=\"true\" class=\"wp-block-spacer\"><\/div>\n\n\n\n<figure class=\"wp-block-embed aligncenter is-type-video is-provider-youtube wp-block-embed-youtube wp-embed-aspect-16-9 wp-has-aspect-ratio\"><div class=\"wp-block-embed__wrapper\">\n<div class=\"jetpack-video-wrapper\"><span class=\"embed-youtube\" style=\"text-align:center; display: block;\"><iframe class='youtube-player' width='764' height='430' src='https:\/\/www.youtube.com\/embed\/YsytBUTi2Go?version=3&#038;rel=1&#038;fs=1&#038;autohide=2&#038;showsearch=0&#038;showinfo=1&#038;iv_load_policy=1&#038;wmode=transparent' allowfullscreen='true' style='border:0;'><\/iframe><\/span><\/div>\n<\/div><\/figure>\n\n\n\n<h4 class=\"has-text-align-center\">Co-production : m\u00e9diath\u00e8que de Biarritz.<\/h4>\n\n\n\n<p class=\"has-text-align-center\">Diffusion 2020 : M\u00e9diath\u00e8que de Bron, M\u00e9diath\u00e8que de Biarritz, Salon Arts et Science &#8211; Experimenta \u00e0 Grenoble  (<a href=\"https:\/\/www.atelier-arts-sciences.eu\/\">https:\/\/www.atelier-arts-sciences.eu\/)<\/a>.<\/p>\n\n\n\n<div class=\"wp-block-file\"><a id=\"wp-block-file--media-75f9af57-4947-4b87-9dd1-ecf9721f63e3\" href=\"https:\/\/collectifornormes.fr\/spectaclescollectifornormes\/wp-content\/uploads\/2023\/01\/LILI-ALIX-WONDERLANDS-Pre\u0301sentation-copie.pdf\"><strong><em><span class=\"has-inline-color has-vivid-cyan-blue-color\">LILI-ALIX-WONDERLANDS-Dossier de Pre\u0301sentation<\/span><\/em><\/strong><\/a><a href=\"https:\/\/collectifornormes.fr\/spectaclescollectifornormes\/wp-content\/uploads\/2023\/01\/LILI-ALIX-WONDERLANDS-Pre\u0301sentation-copie.pdf\" class=\"wp-block-file__button wp-element-button\" download aria-describedby=\"wp-block-file--media-75f9af57-4947-4b87-9dd1-ecf9721f63e3\">T\u00e9l\u00e9charger<\/a><\/div>\n","protected":false},"excerpt":{"rendered":"<p>En devenant \u00ab\u00a0Alix\u00a0\u00bb chutez dans votre inconscient. Accueilli.e par deux \u00e9tranges personnages venus d&rsquo;un avenir proche, prenez place \u00e0 la table du th\u00e9 des fous. Manipulez les mots avant qu&rsquo;ils ne vous manipulent dans une qu\u00eate de sens immersive. Co-production : m\u00e9diath\u00e8que de Biarritz. Diffusion 2020 : M\u00e9diath\u00e8que de Bron, M\u00e9diath\u00e8que de Biarritz, Salon Arts [&hellip;]<\/p>\n","protected":false},"author":3,"featured_media":0,"parent":0,"menu_order":0,"comment_status":"closed","ping_status":"closed","template":"","meta":{"spay_email":""},"tags":[],"jetpack_sharing_enabled":true,"jetpack_shortlink":"https:\/\/wp.me\/P9dEJz-aF","jetpack_likes_enabled":true,"_links":{"self":[{"href":"https:\/\/collectifornormes.fr\/spectaclescollectifornormes\/wp-json\/wp\/v2\/pages\/661"}],"collection":[{"href":"https:\/\/collectifornormes.fr\/spectaclescollectifornormes\/wp-json\/wp\/v2\/pages"}],"about":[{"href":"https:\/\/collectifornormes.fr\/spectaclescollectifornormes\/wp-json\/wp\/v2\/types\/page"}],"author":[{"embeddable":true,"href":"https:\/\/collectifornormes.fr\/spectaclescollectifornormes\/wp-json\/wp\/v2\/users\/3"}],"replies":[{"embeddable":true,"href":"https:\/\/collectifornormes.fr\/spectaclescollectifornormes\/wp-json\/wp\/v2\/comments?post=661"}],"version-history":[{"count":6,"href":"https:\/\/collectifornormes.fr\/spectaclescollectifornormes\/wp-json\/wp\/v2\/pages\/661\/revisions"}],"predecessor-version":[{"id":889,"href":"https:\/\/collectifornormes.fr\/spectaclescollectifornormes\/wp-json\/wp\/v2\/pages\/661\/revisions\/889"}],"wp:attachment":[{"href":"https:\/\/collectifornormes.fr\/spectaclescollectifornormes\/wp-json\/wp\/v2\/media?parent=661"}],"wp:term":[{"taxonomy":"post_tag","embeddable":true,"href":"https:\/\/collectifornormes.fr\/spectaclescollectifornormes\/wp-json\/wp\/v2\/tags?post=661"}],"curies":[{"name":"wp","href":"https:\/\/api.w.org\/{rel}","templated":true}]}}