{"id":672,"date":"2020-09-07T12:28:21","date_gmt":"2020-09-07T10:28:21","guid":{"rendered":"http:\/\/collectifornormes.fr\/spectaclescollectifornormes\/?page_id=672"},"modified":"2020-09-11T11:00:46","modified_gmt":"2020-09-11T09:00:46","slug":"gisele-le-combat-cest-vivre","status":"publish","type":"page","link":"https:\/\/collectifornormes.fr\/spectaclescollectifornormes\/gisele-le-combat-cest-vivre\/","title":{"rendered":"GISELE, LE COMBAT C&rsquo;EST VIVRE"},"content":{"rendered":"\n<div data-carousel-extra='{\"blog_id\":1,\"permalink\":\"https:\\\/\\\/collectifornormes.fr\\\/spectaclescollectifornormes\\\/gisele-le-combat-cest-vivre\\\/\"}' class=\"is-layout-flex wp-block-buttons aligncenter\">\n<div data-carousel-extra='{\"blog_id\":1,\"permalink\":\"https:\\\/\\\/collectifornormes.fr\\\/spectaclescollectifornormes\\\/gisele-le-combat-cest-vivre\\\/\"}' class=\"wp-block-button is-style-outline\"><a class=\"wp-block-button__link\" href=\"https:\/\/collectifornormes.fr\/spectaclescollectifornormes\/actualite\/\" target=\"_blank\" rel=\"noreferrer noopener\">Retrouvez les dates ici<\/a><\/div>\n<\/div>\n\n\n\n<h3>Travers\u00e9e par sa lucidit\u00e9,<br>parfois par sa col\u00e8re,<br>elle porte un regard bienveillant<br>et curieux sur l\u2019humanit\u00e9<br>dont elle essaye de nous<br>faire partager sa tol\u00e9rance jusqu\u2019\u00e0 son amour.<\/h3>\n\n\n\n<figure class=\"is-layout-flex wp-block-gallery-2 wp-block-gallery columns-3 is-cropped\"><ul data-carousel-extra='{\"blog_id\":1,\"permalink\":\"https:\\\/\\\/collectifornormes.fr\\\/spectaclescollectifornormes\\\/gisele-le-combat-cest-vivre\\\/\"}' class=\"blocks-gallery-grid\"><li class=\"blocks-gallery-item\"><figure><img data-attachment-id=\"131\" data-permalink=\"https:\/\/collectifornormes.fr\/spectaclescollectifornormes\/contacts\/attachment\/03\/\" data-orig-file=\"https:\/\/i1.wp.com\/collectifornormes.fr\/spectaclescollectifornormes\/wp-content\/uploads\/2017\/08\/03.jpg?fit=607%2C590&amp;ssl=1\" data-orig-size=\"607,590\" data-comments-opened=\"1\" data-image-meta=\"{&quot;aperture&quot;:&quot;0&quot;,&quot;credit&quot;:&quot;&quot;,&quot;camera&quot;:&quot;&quot;,&quot;caption&quot;:&quot;&quot;,&quot;created_timestamp&quot;:&quot;0&quot;,&quot;copyright&quot;:&quot;&quot;,&quot;focal_length&quot;:&quot;0&quot;,&quot;iso&quot;:&quot;0&quot;,&quot;shutter_speed&quot;:&quot;0&quot;,&quot;title&quot;:&quot;&quot;,&quot;orientation&quot;:&quot;0&quot;}\" data-image-title=\"03\" data-image-description=\"\" data-medium-file=\"https:\/\/i1.wp.com\/collectifornormes.fr\/spectaclescollectifornormes\/wp-content\/uploads\/2017\/08\/03.jpg?fit=300%2C292&amp;ssl=1\" data-large-file=\"https:\/\/i1.wp.com\/collectifornormes.fr\/spectaclescollectifornormes\/wp-content\/uploads\/2017\/08\/03.jpg?fit=607%2C590&amp;ssl=1\" decoding=\"async\" loading=\"lazy\" width=\"607\" height=\"590\" src=\"https:\/\/i1.wp.com\/collectifornormes.fr\/spectaclescollectifornormes\/wp-content\/uploads\/2017\/08\/03.jpg?resize=607%2C590\" alt=\"\" data-id=\"131\" class=\"wp-image-131\" srcset=\"https:\/\/i1.wp.com\/collectifornormes.fr\/spectaclescollectifornormes\/wp-content\/uploads\/2017\/08\/03.jpg?w=607&amp;ssl=1 607w, https:\/\/i1.wp.com\/collectifornormes.fr\/spectaclescollectifornormes\/wp-content\/uploads\/2017\/08\/03.jpg?resize=300%2C292&amp;ssl=1 300w\" sizes=\"(max-width: 607px) 100vw, 607px\" data-recalc-dims=\"1\" \/><\/figure><\/li><li class=\"blocks-gallery-item\"><figure><img data-attachment-id=\"127\" data-permalink=\"https:\/\/collectifornormes.fr\/spectaclescollectifornormes\/15_01_22_5829\/\" data-orig-file=\"https:\/\/i2.wp.com\/collectifornormes.fr\/spectaclescollectifornormes\/wp-content\/uploads\/2017\/08\/15_01_22_5829.jpg?fit=1113%2C718&amp;ssl=1\" data-orig-size=\"1113,718\" data-comments-opened=\"1\" data-image-meta=\"{&quot;aperture&quot;:&quot;2.8&quot;,&quot;credit&quot;:&quot;&quot;,&quot;camera&quot;:&quot;Canon EOS 5D Mark II&quot;,&quot;caption&quot;:&quot;&quot;,&quot;created_timestamp&quot;:&quot;1421955140&quot;,&quot;copyright&quot;:&quot;&quot;,&quot;focal_length&quot;:&quot;25&quot;,&quot;iso&quot;:&quot;6400&quot;,&quot;shutter_speed&quot;:&quot;0.033333333333333&quot;,&quot;title&quot;:&quot;&quot;,&quot;orientation&quot;:&quot;1&quot;}\" data-image-title=\"15_01_22_5829\" data-image-description=\"\" data-medium-file=\"https:\/\/i2.wp.com\/collectifornormes.fr\/spectaclescollectifornormes\/wp-content\/uploads\/2017\/08\/15_01_22_5829.jpg?fit=300%2C194&amp;ssl=1\" data-large-file=\"https:\/\/i2.wp.com\/collectifornormes.fr\/spectaclescollectifornormes\/wp-content\/uploads\/2017\/08\/15_01_22_5829.jpg?fit=764%2C493&amp;ssl=1\" decoding=\"async\" loading=\"lazy\" width=\"764\" height=\"493\" src=\"https:\/\/i2.wp.com\/collectifornormes.fr\/spectaclescollectifornormes\/wp-content\/uploads\/2017\/08\/15_01_22_5829.jpg?resize=764%2C493\" alt=\"\" data-id=\"127\" class=\"wp-image-127\" srcset=\"https:\/\/i2.wp.com\/collectifornormes.fr\/spectaclescollectifornormes\/wp-content\/uploads\/2017\/08\/15_01_22_5829.jpg?w=1113&amp;ssl=1 1113w, https:\/\/i2.wp.com\/collectifornormes.fr\/spectaclescollectifornormes\/wp-content\/uploads\/2017\/08\/15_01_22_5829.jpg?resize=300%2C194&amp;ssl=1 300w, https:\/\/i2.wp.com\/collectifornormes.fr\/spectaclescollectifornormes\/wp-content\/uploads\/2017\/08\/15_01_22_5829.jpg?resize=768%2C495&amp;ssl=1 768w, https:\/\/i2.wp.com\/collectifornormes.fr\/spectaclescollectifornormes\/wp-content\/uploads\/2017\/08\/15_01_22_5829.jpg?resize=1024%2C661&amp;ssl=1 1024w\" sizes=\"(max-width: 764px) 100vw, 764px\" data-recalc-dims=\"1\" \/><\/figure><\/li><\/ul><\/figure>\n\n\n\n<p><div class=\"jetpack-video-wrapper\"><div class=\"embed-vimeo\" style=\"text-align: center;\"><iframe loading=\"lazy\" src=\"https:\/\/player.vimeo.com\/video\/169093511\" width=\"764\" height=\"430\" frameborder=\"0\" webkitallowfullscreen mozallowfullscreen allowfullscreen><\/iframe><\/div><\/div><\/p>\n\n\n\n<p>En 2014, Christelle retrouve Gis\u00e8le S., il y a encore tant \u00e0 dire, \u00e0 entendre. Deux femmes,&nbsp;deux g\u00e9n\u00e9rations, plusieurs mois d\u2019\u00e9changes et de d\u00e9couvertes de combats communs.&nbsp;\u00ab Je pensais que l\u2019\u00eatre humain \u00e9tait perfectible, et qu\u2019ensemble on arriverait \u00e0 une humanit\u00e9&nbsp;g\u00e9n\u00e9rale. Aujourd\u2019hui je sais que ce n\u2019est pas possible, ce n\u2019est pas possible. \u00bb Comment et&nbsp;pourquoi cette femme engag\u00e9e depuis des d\u00e9cennies dans tant de combats et porteuse&nbsp;d\u2019espoir, arrive \u00e0 un constat, le renoncement ? Gis\u00e8le observe le monde ; les \u00e9v\u00e9nements, la&nbsp;guerre, la barbarie en Syrie ont eu raison de ses derniers espoirs. La Syrie. Et s\u2019il fallait&nbsp;creuser l\u00e0, d\u00e9fricher, aller \u00e0 la rencontre d\u2019une autre personne Syrienne, ce sera Wassim H.,&nbsp;ami de th\u00e9\u00e2tre, \u00e9rudit, humaniste.<\/p>\n\n\n\n<p>Nouvelle rencontre\u2026 Nouvelle piste&#8230;&nbsp;Wassim H. lui livre sans retenue l\u2019histoire de sa vie, ses racines, ses id\u00e9ologies, son arriv\u00e9e en&nbsp;France et sa mani\u00e8re d\u2019y trouver une place en tant que musulman.<\/p>\n\n\n\n<h6>Texte, mise en sc\u00e8ne : Christelle Derr\u00e9<\/h6>\n\n\n\n<h6>Cr\u00e9ation Multim\u00e9dia : Collectif Or NOrmes<\/h6>\n\n\n\n<h6>Direction d&rsquo;acteur : Laurence Andr\u00e9ini<\/h6>\n\n\n\n<h6>Costume : Pauline Kieffer<\/h6>\n\n\n\n<h6>Avec : Christelle Derr\u00e9, David Couturier et Martin Rossi<\/h6>\n\n\n\n<figure class=\"is-layout-flex wp-block-gallery-4 wp-block-gallery columns-3 is-cropped\"><ul data-carousel-extra='{\"blog_id\":1,\"permalink\":\"https:\\\/\\\/collectifornormes.fr\\\/spectaclescollectifornormes\\\/gisele-le-combat-cest-vivre\\\/\"}' class=\"blocks-gallery-grid\"><li class=\"blocks-gallery-item\"><figure><a href=\"https:\/\/i0.wp.com\/collectifornormes.fr\/spectaclescollectifornormes\/wp-content\/uploads\/2017\/08\/DSC_0317-e1509113409263.jpg\"><img data-attachment-id=\"405\" data-permalink=\"https:\/\/collectifornormes.fr\/spectaclescollectifornormes\/?attachment_id=405\" data-orig-file=\"https:\/\/i0.wp.com\/collectifornormes.fr\/spectaclescollectifornormes\/wp-content\/uploads\/2017\/08\/DSC_0317-e1509113409263.jpg?fit=1200%2C800&amp;ssl=1\" data-orig-size=\"1200,800\" data-comments-opened=\"1\" data-image-meta=\"{&quot;aperture&quot;:&quot;5.6&quot;,&quot;credit&quot;:&quot;&quot;,&quot;camera&quot;:&quot;NIKON D5200&quot;,&quot;caption&quot;:&quot;&quot;,&quot;created_timestamp&quot;:&quot;1452090896&quot;,&quot;copyright&quot;:&quot;&quot;,&quot;focal_length&quot;:&quot;85&quot;,&quot;iso&quot;:&quot;10000&quot;,&quot;shutter_speed&quot;:&quot;0.033333333333333&quot;,&quot;title&quot;:&quot;&quot;,&quot;orientation&quot;:&quot;1&quot;}\" data-image-title=\"DSC_0317\" data-image-description=\"\" data-medium-file=\"https:\/\/i0.wp.com\/collectifornormes.fr\/spectaclescollectifornormes\/wp-content\/uploads\/2017\/08\/DSC_0317-e1509113409263.jpg?fit=300%2C200&amp;ssl=1\" data-large-file=\"https:\/\/i0.wp.com\/collectifornormes.fr\/spectaclescollectifornormes\/wp-content\/uploads\/2017\/08\/DSC_0317-e1509113409263.jpg?fit=764%2C510&amp;ssl=1\" decoding=\"async\" loading=\"lazy\" width=\"764\" height=\"509\" src=\"https:\/\/i0.wp.com\/collectifornormes.fr\/spectaclescollectifornormes\/wp-content\/uploads\/2017\/08\/DSC_0317-e1509113409263.jpg?resize=764%2C509\" alt=\"\" data-id=\"405\" class=\"wp-image-405\" data-recalc-dims=\"1\"\/><\/a><\/figure><\/li><li class=\"blocks-gallery-item\"><figure><a href=\"https:\/\/i1.wp.com\/collectifornormes.fr\/spectaclescollectifornormes\/wp-content\/uploads\/2017\/08\/DSC_0368-e1509113422472.jpg\"><img data-attachment-id=\"406\" data-permalink=\"https:\/\/collectifornormes.fr\/spectaclescollectifornormes\/?attachment_id=406\" data-orig-file=\"https:\/\/i1.wp.com\/collectifornormes.fr\/spectaclescollectifornormes\/wp-content\/uploads\/2017\/08\/DSC_0368-e1509113422472.jpg?fit=1200%2C800&amp;ssl=1\" data-orig-size=\"1200,800\" data-comments-opened=\"1\" data-image-meta=\"{&quot;aperture&quot;:&quot;5.3&quot;,&quot;credit&quot;:&quot;&quot;,&quot;camera&quot;:&quot;NIKON D5200&quot;,&quot;caption&quot;:&quot;&quot;,&quot;created_timestamp&quot;:&quot;1452164415&quot;,&quot;copyright&quot;:&quot;&quot;,&quot;focal_length&quot;:&quot;80&quot;,&quot;iso&quot;:&quot;10000&quot;,&quot;shutter_speed&quot;:&quot;0.02&quot;,&quot;title&quot;:&quot;&quot;,&quot;orientation&quot;:&quot;1&quot;}\" data-image-title=\"DSC_0368\" data-image-description=\"\" data-medium-file=\"https:\/\/i1.wp.com\/collectifornormes.fr\/spectaclescollectifornormes\/wp-content\/uploads\/2017\/08\/DSC_0368-e1509113422472.jpg?fit=300%2C200&amp;ssl=1\" data-large-file=\"https:\/\/i1.wp.com\/collectifornormes.fr\/spectaclescollectifornormes\/wp-content\/uploads\/2017\/08\/DSC_0368-e1509113422472.jpg?fit=764%2C510&amp;ssl=1\" decoding=\"async\" loading=\"lazy\" width=\"764\" height=\"509\" src=\"https:\/\/i1.wp.com\/collectifornormes.fr\/spectaclescollectifornormes\/wp-content\/uploads\/2017\/08\/DSC_0368-e1509113422472.jpg?resize=764%2C509\" alt=\"\" data-id=\"406\" class=\"wp-image-406\" data-recalc-dims=\"1\"\/><\/a><\/figure><\/li><\/ul><\/figure>\n\n\n\n<h6>Une production du Collectif Or Normes, avec le soutien R\u00e9gion ALPC, les Villes de Poitiers, Royan et la Rochelle, la&nbsp;Spedidam, le Th\u00e9\u00e2tre du Tr\u00e8fle, le Th\u00e9\u00e2tre Amazone, la Maison des Trois Quartiers et l\u2019Arantelle et Proarti.\u200b<\/h6>\n\n\n\n<hr class=\"wp-block-separator\"\/>\n","protected":false},"excerpt":{"rendered":"<p>Travers\u00e9e par sa lucidit\u00e9,parfois par sa col\u00e8re,elle porte un regard bienveillantet curieux sur l\u2019humanit\u00e9dont elle essaye de nousfaire partager sa tol\u00e9rance jusqu\u2019\u00e0 son amour. En 2014, Christelle retrouve Gis\u00e8le S., il y a encore tant \u00e0 dire, \u00e0 entendre. Deux femmes,&nbsp;deux g\u00e9n\u00e9rations, plusieurs mois d\u2019\u00e9changes et de d\u00e9couvertes de combats communs.&nbsp;\u00ab Je pensais que l\u2019\u00eatre [&hellip;]<\/p>\n","protected":false},"author":1,"featured_media":0,"parent":0,"menu_order":0,"comment_status":"closed","ping_status":"closed","template":"","meta":{"spay_email":""},"tags":[],"jetpack_sharing_enabled":true,"jetpack_shortlink":"https:\/\/wp.me\/P9dEJz-aQ","jetpack_likes_enabled":true,"_links":{"self":[{"href":"https:\/\/collectifornormes.fr\/spectaclescollectifornormes\/wp-json\/wp\/v2\/pages\/672"}],"collection":[{"href":"https:\/\/collectifornormes.fr\/spectaclescollectifornormes\/wp-json\/wp\/v2\/pages"}],"about":[{"href":"https:\/\/collectifornormes.fr\/spectaclescollectifornormes\/wp-json\/wp\/v2\/types\/page"}],"author":[{"embeddable":true,"href":"https:\/\/collectifornormes.fr\/spectaclescollectifornormes\/wp-json\/wp\/v2\/users\/1"}],"replies":[{"embeddable":true,"href":"https:\/\/collectifornormes.fr\/spectaclescollectifornormes\/wp-json\/wp\/v2\/comments?post=672"}],"version-history":[{"count":4,"href":"https:\/\/collectifornormes.fr\/spectaclescollectifornormes\/wp-json\/wp\/v2\/pages\/672\/revisions"}],"predecessor-version":[{"id":758,"href":"https:\/\/collectifornormes.fr\/spectaclescollectifornormes\/wp-json\/wp\/v2\/pages\/672\/revisions\/758"}],"wp:attachment":[{"href":"https:\/\/collectifornormes.fr\/spectaclescollectifornormes\/wp-json\/wp\/v2\/media?parent=672"}],"wp:term":[{"taxonomy":"post_tag","embeddable":true,"href":"https:\/\/collectifornormes.fr\/spectaclescollectifornormes\/wp-json\/wp\/v2\/tags?post=672"}],"curies":[{"name":"wp","href":"https:\/\/api.w.org\/{rel}","templated":true}]}}