{"id":1092,"date":"2019-09-16T15:29:48","date_gmt":"2019-09-16T13:29:48","guid":{"rendered":"http:\/\/collectifornormes.fr\/technologiecollectifornormes\/?page_id=1092"},"modified":"2019-11-21T12:27:47","modified_gmt":"2019-11-21T11:27:47","slug":"l-i-l-i-lecture-pour-une-ombre","status":"publish","type":"page","link":"https:\/\/collectifornormes.fr\/technologiecollectifornormes\/l-i-l-i-lecture-pour-une-ombre\/","title":{"rendered":"L.I.L.I, Lecture pour une ombre"},"content":{"rendered":"\n<h3 style=\"text-align:center\">Ecrit par Jean Giraudoux \u00e0 partir de carnets de route de la Grande Guerre, <em>Lecture Pour Une Ombre <\/em>vous emm\u00e8ne dans le quotidien des tranch\u00e9es et des poilus. <\/h3>\n\n\n\n<figure class=\"wp-block-image\"><img data-attachment-id=\"1093\" data-permalink=\"https:\/\/collectifornormes.fr\/technologiecollectifornormes\/l-i-l-i-lecture-pour-une-ombre\/img_7289\/\" data-orig-file=\"https:\/\/i1.wp.com\/collectifornormes.fr\/technologiecollectifornormes\/wp-content\/uploads\/2019\/09\/IMG_7289-e1568639347851.jpg?fit=2448%2C1272&amp;ssl=1\" data-orig-size=\"2448,1272\" data-comments-opened=\"1\" data-image-meta=\"{&quot;aperture&quot;:&quot;2.2&quot;,&quot;credit&quot;:&quot;&quot;,&quot;camera&quot;:&quot;iPhone 6&quot;,&quot;caption&quot;:&quot;&quot;,&quot;created_timestamp&quot;:&quot;1534859324&quot;,&quot;copyright&quot;:&quot;&quot;,&quot;focal_length&quot;:&quot;4.15&quot;,&quot;iso&quot;:&quot;320&quot;,&quot;shutter_speed&quot;:&quot;0.058823529411765&quot;,&quot;title&quot;:&quot;&quot;,&quot;orientation&quot;:&quot;6&quot;}\" data-image-title=\"IMG_7289\" data-image-description=\"\" data-medium-file=\"https:\/\/i1.wp.com\/collectifornormes.fr\/technologiecollectifornormes\/wp-content\/uploads\/2019\/09\/IMG_7289-e1568639347851.jpg?fit=300%2C156&amp;ssl=1\" data-large-file=\"https:\/\/i1.wp.com\/collectifornormes.fr\/technologiecollectifornormes\/wp-content\/uploads\/2019\/09\/IMG_7289-e1568639347851.jpg?fit=1024%2C532&amp;ssl=1\" decoding=\"async\" loading=\"lazy\" width=\"1024\" height=\"532\" src=\"https:\/\/i2.wp.com\/collectifornormes.fr\/technologiecollectifornormes\/wp-content\/uploads\/2019\/09\/IMG_7289-e1568639347851-1024x532.jpg?resize=1024%2C532\" alt=\"\" class=\"wp-image-1093\" srcset=\"https:\/\/i1.wp.com\/collectifornormes.fr\/technologiecollectifornormes\/wp-content\/uploads\/2019\/09\/IMG_7289-e1568639347851.jpg?resize=1024%2C532&amp;ssl=1 1024w, https:\/\/i1.wp.com\/collectifornormes.fr\/technologiecollectifornormes\/wp-content\/uploads\/2019\/09\/IMG_7289-e1568639347851.jpg?resize=300%2C156&amp;ssl=1 300w, https:\/\/i1.wp.com\/collectifornormes.fr\/technologiecollectifornormes\/wp-content\/uploads\/2019\/09\/IMG_7289-e1568639347851.jpg?resize=768%2C399&amp;ssl=1 768w, https:\/\/i1.wp.com\/collectifornormes.fr\/technologiecollectifornormes\/wp-content\/uploads\/2019\/09\/IMG_7289-e1568639347851.jpg?w=2360&amp;ssl=1 2360w\" sizes=\"(max-width: 1024px) 100vw, 1024px\" data-recalc-dims=\"1\" \/><\/figure>\n\n\n\n<h3 style=\"text-align:center\">Plongez dans cette guerre reconstitu\u00e9e \u00e0 partir d&rsquo;une collection de photographies st\u00e9r\u00e9oscopiques.<\/h3>\n\n\n\n<figure class=\"wp-block-image\"><img data-attachment-id=\"1094\" data-permalink=\"https:\/\/collectifornormes.fr\/technologiecollectifornormes\/l-i-l-i-lecture-pour-une-ombre\/scan_19-stereo\/\" data-orig-file=\"https:\/\/i1.wp.com\/collectifornormes.fr\/technologiecollectifornormes\/wp-content\/uploads\/2019\/09\/SCAN_19-Stereo.jpg?fit=1000%2C500&amp;ssl=1\" data-orig-size=\"1000,500\" data-comments-opened=\"1\" data-image-meta=\"{&quot;aperture&quot;:&quot;4.5&quot;,&quot;credit&quot;:&quot;&quot;,&quot;camera&quot;:&quot;Canon EOS 550D&quot;,&quot;caption&quot;:&quot;&quot;,&quot;created_timestamp&quot;:&quot;1526947629&quot;,&quot;copyright&quot;:&quot;&quot;,&quot;focal_length&quot;:&quot;22&quot;,&quot;iso&quot;:&quot;800&quot;,&quot;shutter_speed&quot;:&quot;0.005&quot;,&quot;title&quot;:&quot;&quot;,&quot;orientation&quot;:&quot;1&quot;}\" data-image-title=\"SCAN_19-Stereo\" data-image-description=\"\" data-medium-file=\"https:\/\/i1.wp.com\/collectifornormes.fr\/technologiecollectifornormes\/wp-content\/uploads\/2019\/09\/SCAN_19-Stereo.jpg?fit=300%2C150&amp;ssl=1\" data-large-file=\"https:\/\/i1.wp.com\/collectifornormes.fr\/technologiecollectifornormes\/wp-content\/uploads\/2019\/09\/SCAN_19-Stereo.jpg?fit=1000%2C500&amp;ssl=1\" decoding=\"async\" loading=\"lazy\" width=\"1000\" height=\"500\" src=\"https:\/\/i1.wp.com\/collectifornormes.fr\/technologiecollectifornormes\/wp-content\/uploads\/2019\/09\/SCAN_19-Stereo.jpg?resize=1000%2C500\" alt=\"\" class=\"wp-image-1094\" srcset=\"https:\/\/i1.wp.com\/collectifornormes.fr\/technologiecollectifornormes\/wp-content\/uploads\/2019\/09\/SCAN_19-Stereo.jpg?w=1000&amp;ssl=1 1000w, https:\/\/i1.wp.com\/collectifornormes.fr\/technologiecollectifornormes\/wp-content\/uploads\/2019\/09\/SCAN_19-Stereo.jpg?resize=300%2C150&amp;ssl=1 300w, https:\/\/i1.wp.com\/collectifornormes.fr\/technologiecollectifornormes\/wp-content\/uploads\/2019\/09\/SCAN_19-Stereo.jpg?resize=768%2C384&amp;ssl=1 768w\" sizes=\"(max-width: 1000px) 100vw, 1000px\" data-recalc-dims=\"1\" \/><\/figure>\n\n\n\n<p style=\"text-align:center\" class=\"has-text-color has-very-dark-gray-color\">Un quotidien reconstitu\u00e9 \u00e0 partir d\u2019un univers graphique cr\u00e9\u00e9 \u00e0 parti d\u2019 une collection de photographies st\u00e9r\u00e9oscopiques. Plongez dans cette grande guerre gr\u00e2ce \u00e0 l\u2019exploitation de ces images d\u2019archives et des mots de Jean Giraudoux.\u00a0 <br>Entre document et fiction, cette installation est une mat\u00e9rialisation testimoniale de ce qu\u2019ont v\u00e9cu les poilus. Elle est un rendez-vous avec notre histoire, un pass\u00e9 dont il faut conserver la m\u00e9moire au pr\u00e9sent.\u00a0 <br><\/p>\n\n\n\n<p style=\"text-align:center\">\u00c9quipez du casque de r\u00e9alit\u00e9 virtuelle, le lecteur devient t\u00e9moin de cette grande guerre; visitant \u00e0 la premi\u00e8re personnes la r\u00e9alit\u00e9 des tranch\u00e9es rythm\u00e9e aux manifestations intempestives des bombardements.&nbsp;<\/p>\n\n\n\n<p>Contact : <a href=\"mailto:martin.rossi@collectifornormes.fr\">martin.rossi@collectifornormes.fr<\/a><\/p>\n","protected":false},"excerpt":{"rendered":"<p>Ecrit par Jean Giraudoux \u00e0 partir de carnets de route de la Grande Guerre, Lecture Pour Une Ombre vous emm\u00e8ne dans le quotidien des tranch\u00e9es et des poilus. Plongez dans cette guerre reconstitu\u00e9e \u00e0 partir d&rsquo;une collection de photographies st\u00e9r\u00e9oscopiques. Un quotidien reconstitu\u00e9 \u00e0 partir d\u2019un univers graphique cr\u00e9\u00e9 \u00e0 parti d\u2019 une collection de [&hellip;]<\/p>\n","protected":false},"author":1,"featured_media":0,"parent":0,"menu_order":0,"comment_status":"closed","ping_status":"closed","template":"","meta":{"spay_email":""},"tags":[],"jetpack_sharing_enabled":true,"jetpack_shortlink":"https:\/\/wp.me\/P9dDxZ-hC","jetpack_likes_enabled":false,"_links":{"self":[{"href":"https:\/\/collectifornormes.fr\/technologiecollectifornormes\/wp-json\/wp\/v2\/pages\/1092"}],"collection":[{"href":"https:\/\/collectifornormes.fr\/technologiecollectifornormes\/wp-json\/wp\/v2\/pages"}],"about":[{"href":"https:\/\/collectifornormes.fr\/technologiecollectifornormes\/wp-json\/wp\/v2\/types\/page"}],"author":[{"embeddable":true,"href":"https:\/\/collectifornormes.fr\/technologiecollectifornormes\/wp-json\/wp\/v2\/users\/1"}],"replies":[{"embeddable":true,"href":"https:\/\/collectifornormes.fr\/technologiecollectifornormes\/wp-json\/wp\/v2\/comments?post=1092"}],"version-history":[{"count":5,"href":"https:\/\/collectifornormes.fr\/technologiecollectifornormes\/wp-json\/wp\/v2\/pages\/1092\/revisions"}],"predecessor-version":[{"id":1137,"href":"https:\/\/collectifornormes.fr\/technologiecollectifornormes\/wp-json\/wp\/v2\/pages\/1092\/revisions\/1137"}],"wp:attachment":[{"href":"https:\/\/collectifornormes.fr\/technologiecollectifornormes\/wp-json\/wp\/v2\/media?parent=1092"}],"wp:term":[{"taxonomy":"post_tag","embeddable":true,"href":"https:\/\/collectifornormes.fr\/technologiecollectifornormes\/wp-json\/wp\/v2\/tags?post=1092"}],"curies":[{"name":"wp","href":"https:\/\/api.w.org\/{rel}","templated":true}]}}