{"id":584,"date":"2017-08-14T18:52:39","date_gmt":"2017-08-14T17:52:39","guid":{"rendered":"https:\/\/technologiecollectifornormes.wordpress.com\/?page_id=584"},"modified":"2020-07-31T10:23:16","modified_gmt":"2020-07-31T08:23:16","slug":"contact-2","status":"publish","type":"page","link":"https:\/\/collectifornormes.fr\/technologiecollectifornormes\/contact-2\/","title":{"rendered":"CONTACT"},"content":{"rendered":"<h6><img data-attachment-id=\"485\" data-permalink=\"https:\/\/collectifornormes.fr\/technologiecollectifornormes\/contact-2\/logo_collornor\/\" data-orig-file=\"https:\/\/i2.wp.com\/collectifornormes.fr\/technologiecollectifornormes\/wp-content\/uploads\/2016\/12\/logo_collornor.png?fit=8333%2C2083&amp;ssl=1\" data-orig-size=\"8333,2083\" data-comments-opened=\"1\" data-image-meta=\"{&quot;aperture&quot;:&quot;0&quot;,&quot;credit&quot;:&quot;&quot;,&quot;camera&quot;:&quot;&quot;,&quot;caption&quot;:&quot;&quot;,&quot;created_timestamp&quot;:&quot;0&quot;,&quot;copyright&quot;:&quot;&quot;,&quot;focal_length&quot;:&quot;0&quot;,&quot;iso&quot;:&quot;0&quot;,&quot;shutter_speed&quot;:&quot;0&quot;,&quot;title&quot;:&quot;&quot;,&quot;orientation&quot;:&quot;0&quot;}\" data-image-title=\"logo_collornor\" data-image-description=\"\" data-medium-file=\"https:\/\/i2.wp.com\/collectifornormes.fr\/technologiecollectifornormes\/wp-content\/uploads\/2016\/12\/logo_collornor.png?fit=300%2C75&amp;ssl=1\" data-large-file=\"https:\/\/i2.wp.com\/collectifornormes.fr\/technologiecollectifornormes\/wp-content\/uploads\/2016\/12\/logo_collornor.png?fit=1024%2C256&amp;ssl=1\" decoding=\"async\" loading=\"lazy\" class=\" wp-image-485 aligncenter\" src=\"https:\/\/i0.wp.com\/collectifornormes.fr\/technologiecollectifornormes\/wp-content\/uploads\/2016\/12\/logo_collornor-300x75.png?resize=426%2C107\" alt=\"\" width=\"426\" height=\"107\" srcset=\"https:\/\/i2.wp.com\/collectifornormes.fr\/technologiecollectifornormes\/wp-content\/uploads\/2016\/12\/logo_collornor.png?resize=300%2C75&amp;ssl=1 300w, https:\/\/i2.wp.com\/collectifornormes.fr\/technologiecollectifornormes\/wp-content\/uploads\/2016\/12\/logo_collornor.png?resize=768%2C192&amp;ssl=1 768w, https:\/\/i2.wp.com\/collectifornormes.fr\/technologiecollectifornormes\/wp-content\/uploads\/2016\/12\/logo_collornor.png?resize=1024%2C256&amp;ssl=1 1024w, https:\/\/i2.wp.com\/collectifornormes.fr\/technologiecollectifornormes\/wp-content\/uploads\/2016\/12\/logo_collornor.png?w=2360&amp;ssl=1 2360w, https:\/\/i2.wp.com\/collectifornormes.fr\/technologiecollectifornormes\/wp-content\/uploads\/2016\/12\/logo_collornor.png?w=3540&amp;ssl=1 3540w\" sizes=\"(max-width: 426px) 100vw, 426px\" data-recalc-dims=\"1\" \/><\/h6>\n<h4 style=\"text-align: center;\">43, rue du Lieutenant Colonel Biraud<\/h4>\n<h4 style=\"text-align: center;\">86000 POITIERS<\/h4>\n<h4 style=\"text-align: center;\">+33 (0)9 50 93 20 13<\/h4>\n<hr \/>\n<h1 style=\"text-align: center;\">L&rsquo;\u00e9quipe<\/h1>\n<hr \/>\n<p><img data-attachment-id=\"513\" data-permalink=\"https:\/\/collectifornormes.fr\/technologiecollectifornormes\/contact-2\/christelle-2-copie-2\/\" data-orig-file=\"https:\/\/i1.wp.com\/collectifornormes.fr\/technologiecollectifornormes\/wp-content\/uploads\/2017\/08\/christelle-2-copie-2.png?fit=176%2C180&amp;ssl=1\" data-orig-size=\"176,180\" data-comments-opened=\"1\" data-image-meta=\"{&quot;aperture&quot;:&quot;0&quot;,&quot;credit&quot;:&quot;&quot;,&quot;camera&quot;:&quot;&quot;,&quot;caption&quot;:&quot;&quot;,&quot;created_timestamp&quot;:&quot;0&quot;,&quot;copyright&quot;:&quot;&quot;,&quot;focal_length&quot;:&quot;0&quot;,&quot;iso&quot;:&quot;0&quot;,&quot;shutter_speed&quot;:&quot;0&quot;,&quot;title&quot;:&quot;&quot;,&quot;orientation&quot;:&quot;0&quot;}\" data-image-title=\"christelle 2 &#8211; copie 2\" data-image-description=\"\" data-medium-file=\"https:\/\/i1.wp.com\/collectifornormes.fr\/technologiecollectifornormes\/wp-content\/uploads\/2017\/08\/christelle-2-copie-2.png?fit=176%2C180&amp;ssl=1\" data-large-file=\"https:\/\/i1.wp.com\/collectifornormes.fr\/technologiecollectifornormes\/wp-content\/uploads\/2017\/08\/christelle-2-copie-2.png?fit=176%2C180&amp;ssl=1\" decoding=\"async\" loading=\"lazy\" class=\" wp-image-513 aligncenter\" src=\"https:\/\/i1.wp.com\/collectifornormes.fr\/technologiecollectifornormes\/wp-content\/uploads\/2017\/08\/christelle-2-copie-2.png?resize=84%2C86\" alt=\"\" width=\"84\" height=\"86\" data-recalc-dims=\"1\" \/><\/p>\n<h3 style=\"text-align: center;\">CHRISTELLE DERR\u00c9 (direction)<\/h3>\n<h4 style=\"text-align: center;\">DIRECTRICE ARTISTIQUE &#8211; ARTISTE TRANSM\u00c9DIA &#8211; METTEURE EN SC\u00c8NE<\/h4>\n<h3 style=\"text-align: center;\">&#x1f447;<\/h3>\n<h3 style=\"text-align: center;\"><a href=\"mailto:christelle.derre@collectifornormes.fr\">christelle.derre@collectifornormes.fr<\/a><\/h3>\n<p><img data-attachment-id=\"951\" data-permalink=\"https:\/\/collectifornormes.fr\/technologiecollectifornormes\/?attachment_id=951\" data-orig-file=\"https:\/\/i0.wp.com\/collectifornormes.fr\/technologiecollectifornormes\/wp-content\/uploads\/2017\/10\/martin-rond.png?fit=173%2C173&amp;ssl=1\" data-orig-size=\"173,173\" data-comments-opened=\"1\" data-image-meta=\"{&quot;aperture&quot;:&quot;0&quot;,&quot;credit&quot;:&quot;&quot;,&quot;camera&quot;:&quot;&quot;,&quot;caption&quot;:&quot;&quot;,&quot;created_timestamp&quot;:&quot;0&quot;,&quot;copyright&quot;:&quot;&quot;,&quot;focal_length&quot;:&quot;0&quot;,&quot;iso&quot;:&quot;0&quot;,&quot;shutter_speed&quot;:&quot;0&quot;,&quot;title&quot;:&quot;&quot;,&quot;orientation&quot;:&quot;0&quot;}\" data-image-title=\"martin rond\" data-image-description=\"\" data-medium-file=\"https:\/\/i0.wp.com\/collectifornormes.fr\/technologiecollectifornormes\/wp-content\/uploads\/2017\/10\/martin-rond.png?fit=173%2C173&amp;ssl=1\" data-large-file=\"https:\/\/i0.wp.com\/collectifornormes.fr\/technologiecollectifornormes\/wp-content\/uploads\/2017\/10\/martin-rond.png?fit=173%2C173&amp;ssl=1\" decoding=\"async\" loading=\"lazy\" class=\"wp-image-951 aligncenter\" src=\"https:\/\/i0.wp.com\/collectifornormes.fr\/technologiecollectifornormes\/wp-content\/uploads\/2017\/10\/martin-rond.png?resize=86%2C86\" alt=\"\" width=\"86\" height=\"86\" srcset=\"https:\/\/i0.wp.com\/collectifornormes.fr\/technologiecollectifornormes\/wp-content\/uploads\/2017\/10\/martin-rond.png?w=173&amp;ssl=1 173w, https:\/\/i0.wp.com\/collectifornormes.fr\/technologiecollectifornormes\/wp-content\/uploads\/2017\/10\/martin-rond.png?resize=150%2C150&amp;ssl=1 150w, https:\/\/i0.wp.com\/collectifornormes.fr\/technologiecollectifornormes\/wp-content\/uploads\/2017\/10\/martin-rond.png?resize=50%2C50&amp;ssl=1 50w\" sizes=\"(max-width: 86px) 100vw, 86px\" data-recalc-dims=\"1\" \/><\/p>\n<h3 style=\"text-align: center;\">MARTIN ROSSI (direction)<\/h3>\n<h4 style=\"text-align: center;\">PROGRAMMEUR MULTIM\u00c9DIA &#8211; ARTISTE TRANSM\u00c9DIA<\/h4>\n<h3 style=\"text-align: center;\">&#x1f447;<\/h3>\n<h3 style=\"text-align: center;\"><a href=\"mailto:martin.rossi@collectifornormes.fr\">martin.rossi@collectifornormes.fr<\/a><\/h3>\n<h3 style=\"text-align: center;\"><img data-attachment-id=\"509\" data-permalink=\"https:\/\/collectifornormes.fr\/technologiecollectifornormes\/contact-2\/admin-copie\/\" data-orig-file=\"https:\/\/i1.wp.com\/collectifornormes.fr\/technologiecollectifornormes\/wp-content\/uploads\/2017\/08\/admin-copie.png?fit=177%2C179&amp;ssl=1\" data-orig-size=\"177,179\" data-comments-opened=\"1\" data-image-meta=\"{&quot;aperture&quot;:&quot;0&quot;,&quot;credit&quot;:&quot;&quot;,&quot;camera&quot;:&quot;&quot;,&quot;caption&quot;:&quot;&quot;,&quot;created_timestamp&quot;:&quot;0&quot;,&quot;copyright&quot;:&quot;&quot;,&quot;focal_length&quot;:&quot;0&quot;,&quot;iso&quot;:&quot;0&quot;,&quot;shutter_speed&quot;:&quot;0&quot;,&quot;title&quot;:&quot;&quot;,&quot;orientation&quot;:&quot;0&quot;}\" data-image-title=\"admin &#8211; copie\" data-image-description=\"\" data-medium-file=\"https:\/\/i1.wp.com\/collectifornormes.fr\/technologiecollectifornormes\/wp-content\/uploads\/2017\/08\/admin-copie.png?fit=177%2C179&amp;ssl=1\" data-large-file=\"https:\/\/i1.wp.com\/collectifornormes.fr\/technologiecollectifornormes\/wp-content\/uploads\/2017\/08\/admin-copie.png?fit=177%2C179&amp;ssl=1\" decoding=\"async\" loading=\"lazy\" class=\"alignnone  wp-image-509\" src=\"https:\/\/i1.wp.com\/collectifornormes.fr\/technologiecollectifornormes\/wp-content\/uploads\/2017\/08\/admin-copie.png?resize=88%2C88\" alt=\"\" width=\"88\" height=\"88\" srcset=\"https:\/\/i1.wp.com\/collectifornormes.fr\/technologiecollectifornormes\/wp-content\/uploads\/2017\/08\/admin-copie.png?w=177&amp;ssl=1 177w, https:\/\/i1.wp.com\/collectifornormes.fr\/technologiecollectifornormes\/wp-content\/uploads\/2017\/08\/admin-copie.png?resize=150%2C150&amp;ssl=1 150w\" sizes=\"(max-width: 88px) 100vw, 88px\" data-recalc-dims=\"1\" \/><\/h3>\n<h3 style=\"text-align: center;\">Administration<\/h3>\n<h3 style=\"text-align: center;\">&#x1f447;<\/h3>\n<h3 style=\"text-align: center;\"><a href=\"mailto:administration@collectifornormes.fr\">administration@collectifornormes.fr<\/a><\/h3>\n<h3 style=\"text-align: center;\"><img data-attachment-id=\"952\" data-permalink=\"https:\/\/collectifornormes.fr\/technologiecollectifornormes\/?attachment_id=952\" data-orig-file=\"https:\/\/i1.wp.com\/collectifornormes.fr\/technologiecollectifornormes\/wp-content\/uploads\/2017\/10\/manon-rond.png?fit=176%2C176&amp;ssl=1\" data-orig-size=\"176,176\" data-comments-opened=\"1\" data-image-meta=\"{&quot;aperture&quot;:&quot;0&quot;,&quot;credit&quot;:&quot;&quot;,&quot;camera&quot;:&quot;&quot;,&quot;caption&quot;:&quot;&quot;,&quot;created_timestamp&quot;:&quot;0&quot;,&quot;copyright&quot;:&quot;&quot;,&quot;focal_length&quot;:&quot;0&quot;,&quot;iso&quot;:&quot;0&quot;,&quot;shutter_speed&quot;:&quot;0&quot;,&quot;title&quot;:&quot;&quot;,&quot;orientation&quot;:&quot;0&quot;}\" data-image-title=\"manon rond\" data-image-description=\"\" data-medium-file=\"https:\/\/i1.wp.com\/collectifornormes.fr\/technologiecollectifornormes\/wp-content\/uploads\/2017\/10\/manon-rond.png?fit=176%2C176&amp;ssl=1\" data-large-file=\"https:\/\/i1.wp.com\/collectifornormes.fr\/technologiecollectifornormes\/wp-content\/uploads\/2017\/10\/manon-rond.png?fit=176%2C176&amp;ssl=1\" decoding=\"async\" loading=\"lazy\" class=\"alignnone  wp-image-952\" src=\"https:\/\/i1.wp.com\/collectifornormes.fr\/technologiecollectifornormes\/wp-content\/uploads\/2017\/10\/manon-rond.png?resize=86%2C86\" alt=\"\" width=\"86\" height=\"86\" srcset=\"https:\/\/i1.wp.com\/collectifornormes.fr\/technologiecollectifornormes\/wp-content\/uploads\/2017\/10\/manon-rond.png?w=176&amp;ssl=1 176w, https:\/\/i1.wp.com\/collectifornormes.fr\/technologiecollectifornormes\/wp-content\/uploads\/2017\/10\/manon-rond.png?resize=150%2C150&amp;ssl=1 150w, https:\/\/i1.wp.com\/collectifornormes.fr\/technologiecollectifornormes\/wp-content\/uploads\/2017\/10\/manon-rond.png?resize=50%2C50&amp;ssl=1 50w\" sizes=\"(max-width: 86px) 100vw, 86px\" data-recalc-dims=\"1\" \/><\/h3>\n<h3 style=\"text-align: center;\">Manon Picard<\/h3>\n<h4 style=\"text-align: center;\">CHARGEE D&rsquo;ETUDE ET DE DEVELOPPEMENT &#8211; DOCTORANTE UTC &#8211; LABORATOIRE COSTECH<\/h4>\n<h3 style=\"text-align: center;\">&#x1f447;<\/h3>\n<h3 style=\"text-align: center;\"><a href=\"mailto:mediation@collectifornormes.fr\">mediation@collectifornormes.fr<\/a><\/h3>\n","protected":false},"excerpt":{"rendered":"<p>43, rue du Lieutenant Colonel Biraud 86000 POITIERS +33 (0)9 50 93 20 13 L&rsquo;\u00e9quipe CHRISTELLE DERR\u00c9 (direction) DIRECTRICE ARTISTIQUE &#8211; ARTISTE TRANSM\u00c9DIA &#8211; METTEURE EN SC\u00c8NE &#x1f447; christelle.derre@collectifornormes.fr MARTIN ROSSI (direction) PROGRAMMEUR MULTIM\u00c9DIA &#8211; ARTISTE TRANSM\u00c9DIA &#x1f447; martin.rossi@collectifornormes.fr Administration &#x1f447; administration@collectifornormes.fr Manon Picard CHARGEE D&rsquo;ETUDE ET DE DEVELOPPEMENT &#8211; DOCTORANTE UTC &#8211; LABORATOIRE COSTECH [&hellip;]<\/p>\n","protected":false},"author":1,"featured_media":1154,"parent":0,"menu_order":0,"comment_status":"closed","ping_status":"closed","template":"","meta":{"spay_email":""},"tags":[],"jetpack_sharing_enabled":true,"jetpack_shortlink":"https:\/\/wp.me\/P9dDxZ-9q","jetpack_likes_enabled":false,"_links":{"self":[{"href":"https:\/\/collectifornormes.fr\/technologiecollectifornormes\/wp-json\/wp\/v2\/pages\/584"}],"collection":[{"href":"https:\/\/collectifornormes.fr\/technologiecollectifornormes\/wp-json\/wp\/v2\/pages"}],"about":[{"href":"https:\/\/collectifornormes.fr\/technologiecollectifornormes\/wp-json\/wp\/v2\/types\/page"}],"author":[{"embeddable":true,"href":"https:\/\/collectifornormes.fr\/technologiecollectifornormes\/wp-json\/wp\/v2\/users\/1"}],"replies":[{"embeddable":true,"href":"https:\/\/collectifornormes.fr\/technologiecollectifornormes\/wp-json\/wp\/v2\/comments?post=584"}],"version-history":[{"count":9,"href":"https:\/\/collectifornormes.fr\/technologiecollectifornormes\/wp-json\/wp\/v2\/pages\/584\/revisions"}],"predecessor-version":[{"id":1163,"href":"https:\/\/collectifornormes.fr\/technologiecollectifornormes\/wp-json\/wp\/v2\/pages\/584\/revisions\/1163"}],"wp:featuredmedia":[{"embeddable":true,"href":"https:\/\/collectifornormes.fr\/technologiecollectifornormes\/wp-json\/wp\/v2\/media\/1154"}],"wp:attachment":[{"href":"https:\/\/collectifornormes.fr\/technologiecollectifornormes\/wp-json\/wp\/v2\/media?parent=584"}],"wp:term":[{"taxonomy":"post_tag","embeddable":true,"href":"https:\/\/collectifornormes.fr\/technologiecollectifornormes\/wp-json\/wp\/v2\/tags?post=584"}],"curies":[{"name":"wp","href":"https:\/\/api.w.org\/{rel}","templated":true}]}}